{"id":2,"date":"2021-10-11T13:54:34","date_gmt":"2021-10-11T11:54:34","guid":{"rendered":"http:\/\/institut-obsolescence.info\/?page_id=2"},"modified":"2024-01-12T18:59:56","modified_gmt":"2024-01-12T17:59:56","slug":"donnees-eos","status":"publish","type":"page","link":"https:\/\/institut-obsolescence.info\/index.php\/donnees-eos\/","title":{"rendered":"Protection des donn\u00e9es EOS"},"content":{"rendered":"<div data-colibri-id=\"2-c1\" class=\"style-432 style-local-2-c1 position-relative\">\r\n  <!---->\r\n  <div data-colibri-component=\"section\" data-colibri-id=\"2-c2\" id=\"initial-content\" class=\"h-section h-section-global-spacing d-flex align-items-lg-center align-items-md-center align-items-center style-433 style-local-2-c2 position-relative\">\r\n    <!---->\r\n    <!---->\r\n    <div class=\"h-section-grid-container h-section-boxed-container\">\r\n      <!---->\r\n      <div data-colibri-id=\"2-c29\" class=\"h-row-container gutters-row-lg-2 gutters-row-md-2 gutters-row-0 gutters-row-v-lg-2 gutters-row-v-md-2 gutters-row-v-2 style-475 style-local-2-c29 position-relative\">\r\n        <!---->\r\n        <div class=\"h-row justify-content-lg-center justify-content-md-center justify-content-center align-items-lg-stretch align-items-md-stretch align-items-stretch gutters-col-lg-2 gutters-col-md-2 gutters-col-0 gutters-col-v-lg-2 gutters-col-v-md-2 gutters-col-v-2\">\r\n          <!---->\r\n          <div class=\"h-column h-column-container d-flex h-col-lg-auto h-col-md-auto h-col-auto style-476-outer style-local-2-c30-outer\">\r\n            <div data-colibri-id=\"2-c30\" class=\"d-flex h-flex-basis h-column__inner h-px-lg-2 h-px-md-2 h-px-2 v-inner-lg-2 v-inner-md-2 v-inner-2 style-476 style-local-2-c30 position-relative\">\r\n              <!---->\r\n              <!---->\r\n              <div class=\"w-100 h-y-container h-column__content h-column__v-align flex-basis-100 align-self-lg-start align-self-md-start align-self-start\">\r\n                <!---->\r\n                <div data-colibri-id=\"2-c31\" class=\"h-global-transition-all h-heading style-477 style-local-2-c31 position-relative h-element\">\r\n                  <!---->\r\n                  <div class=\"h-heading__outer style-477 style-local-2-c31\">\r\n                    <!---->\r\n                    <!---->\r\n                    <h1 class=\"\">Protection des donn\u00e9es<\/h1>\r\n                  <\/div>\r\n                <\/div>\r\n              <\/div>\r\n            <\/div>\r\n          <\/div>\r\n        <\/div>\r\n      <\/div>\r\n      <div data-colibri-id=\"2-c6\" class=\"h-row-container gutters-row-lg-2 gutters-row-md-2 gutters-row-0 gutters-row-v-lg-2 gutters-row-v-md-2 gutters-row-v-2 style-453 style-local-2-c6 position-relative\">\r\n        <!---->\r\n        <div class=\"h-row justify-content-lg-center justify-content-md-center justify-content-center align-items-lg-stretch align-items-md-stretch align-items-stretch gutters-col-lg-2 gutters-col-md-2 gutters-col-0 gutters-col-v-lg-2 gutters-col-v-md-2 gutters-col-v-2\">\r\n          <!---->\r\n          <div class=\"h-column h-column-container d-flex h-col-lg-auto h-col-md-auto h-col-auto style-454-outer style-local-2-c7-outer\">\r\n            <div data-colibri-id=\"2-c7\" class=\"d-flex h-flex-basis h-column__inner h-px-lg-2 h-px-md-2 h-px-2 v-inner-lg-2 v-inner-md-2 v-inner-2 style-454 style-local-2-c7 position-relative\">\r\n              <!---->\r\n              <!---->\r\n              <div class=\"w-100 h-y-container h-column__content h-column__v-align flex-basis-100 align-self-lg-start align-self-md-start align-self-start\">\r\n                <!---->\r\n                <div data-colibri-id=\"2-c8\" class=\"h-text h-text-component style-455 style-local-2-c8 position-relative h-element\">\r\n                  <!---->\r\n                  <!---->\r\n                  <div class=\"\">\r\n                    <p>Les informations recueillies sur ce formulaire sont enregistr\u00e9es dans un fichier informatis\u00e9 par&nbsp;<strong>le consortium de projet EOS&nbsp;<\/strong>pour&nbsp;<strong>des travaux de recherche dans le cadre du projet N\u00b0ANR-22-CE10<\/strong>                      La base l\u00e9gale du traitement est&nbsp;<strong>l\u2019engagement de publication de r\u00e9sultats anonymis\u00e9s<\/strong>.<\/p>\r\n                    <p>Les donn\u00e9es collect\u00e9es seront communiqu\u00e9es aux seuls destinataires suivants :&nbsp;le consortium tel que d\u00e9fini dans le document officiel de l\u2019ANR <strong>N\u00b0ANR-22-CE10. Les modalit\u00e9s de collecte, d\u2019usage et de stockage temporaire de vos donn\u00e9es sont d\u00e9taill\u00e9es ci-dessous.<\/strong><\/p>\r\n                    <p>Les donn\u00e9es recueillies sont conserv\u00e9es jusqu\u2019au<strong> 31 octobre 2026.<\/strong><\/p>\r\n                    <p>Vous pouvez acc\u00e9der aux donn\u00e9es vous concernant, les rectifier, demander leur effacement ou exercer votre droit \u00e0 la limitation du traitement de vos donn\u00e9es.&nbsp;<\/p>\r\n                    <p>Pour exercer ces droits ou pour toute question sur le traitement de vos donn\u00e9es dans ce dispositif, vous pouvez contacter&nbsp;le Responsable scientifique du projet<\/p>\r\n                    <p><strong>Pr Marc ZOLGHADRI, ISAE-Supm\u00e9ca \/&nbsp;contact@institut-obsolescence.fr<\/strong><\/p>\r\n                    <p>Si vous estimez, apr\u00e8s nous avoir contact\u00e9s, que vos droits \u00ab&nbsp;Informatique et Libert\u00e9s&nbsp;\u00bb ne sont pas respect\u00e9s, vous pouvez adresser une r\u00e9clamation \u00e0 la CNIL.<\/p>\r\n                    <p>\r\n                      <br>\r\n                    <\/p>\r\n                    <p>\r\n                      <br>\r\n                    <\/p>\r\n                    <p>\r\n                      <br>\r\n                    <\/p>\r\n                  <\/div>\r\n                <\/div>\r\n                <div data-colibri-id=\"2-c28\" class=\"h-text h-text-component style-472 style-local-2-c28 position-relative h-element\">\r\n                  <!---->\r\n                  <!---->\r\n                  <div class=\"\">\r\n                    <p>1.R\u00e9ponses aux enqu\u00eates et questionnaires cr\u00e9\u00e9s<\/p>\r\n                    <p>Les analyses statistiques seront effectu\u00e9es sur les r\u00e9ponses ; elles seront \u00e9galement exploit\u00e9es pour r\u00e9diger les Livrables du projet, mais aussi sous forme de Notes de synth\u00e8se.<\/p>\r\n                    <p>\u2022 Les Livrables seront publics ou r\u00e9serv\u00e9s aux membres de consortium (cf. l\u2019annexe 1).<\/p>\r\n                    <p>\u2022 Les Notes de Synth\u00e8se seront publics.<\/p>\r\n                    <p>R\u00e9ponses aux enqu\u00eates directes (via email ou interviews). Dans ce cas, les donn\u00e9es sont rendues anonymes et trait\u00e9es afin de pr\u00e9parer des notes de synth\u00e8se. Celles-ci sont t\u00e9l\u00e9vers\u00e9es dans l\u2019entrep\u00f4t de donn\u00e9es du projet (voir ci-dessous).\r\n                      Si certaines des personnes contact\u00e9es souhaitent recevoir la Note de Synth\u00e8se, elle leur sera envoy\u00e9e.<\/p>\r\n                    <p>R\u00e9ponses aux enqu\u00eates. Un questionnaire, contenant un nombre limit\u00e9 de questions, sera mis en ligne de mani\u00e8re publique. Les r\u00e9ponses sont collect\u00e9es de mani\u00e8re anonyme ou non, selon le choix libre du r\u00e9pondant. La note de synth\u00e8se\r\n                      sera envoy\u00e9e par courriel \u00e0 toute personne ayant manifest\u00e9 son int\u00e9r\u00eat lorsqu\u2019elle remplissait le questionnaire (en fournissant son adresse email accompagnant ses r\u00e9ponses). Les synth\u00e8ses d\u00e9taill\u00e9es (i.e. Livrables) sont utilis\u00e9es\r\n                      par le consortium uniquement dans le cadre du projet.<\/p>\r\n                    <p>Le traitement et l\u2019exploitation des r\u00e9sultats de ces enqu\u00eates et questionnaires font partie du WP4.<\/p>\r\n                    <p>M\u00e9tadonn\u00e9es. Des m\u00e9tadonn\u00e9es seront appliqu\u00e9es aux donn\u00e9es d&#8217;enqu\u00eates et de questionnaires indiquant la date (via horodatage automatique), les r\u00f4les, les responsabilit\u00e9s et le niveau de confidentialit\u00e9 demand\u00e9 des r\u00e9pondants s\u2019ils\r\n                      les ont indiqu\u00e9s dans leurs r\u00e9ponses.<\/p>\r\n                    <p>\r\n                      <br>\r\n                    <\/p>\r\n                    <p>2.Stockage des donn\u00e9es<\/p>\r\n                    <p>Stockage num\u00e9rique centralis\u00e9.<\/p>\r\n                    <p>Toutes les donn\u00e9es du projet sont dispos\u00e9es dans un espace r\u00e9serv\u00e9 du LAAS-CNRS (https:\/\/partage.laas.fr\/owncloud). Cet espace, appel\u00e9 Partage, est prot\u00e9g\u00e9 et seuls les membres d\u00e9sign\u00e9s y ont acc\u00e8s. L\u2019acc\u00e8s est prot\u00e9g\u00e9 par un \u00ab login\r\n                      \u00bb et un \u00ab mot de passe \u00bb. L\u2019ANR et les personnes mandat\u00e9es par celle-ci pourront obtenir acc\u00e8s \u00e0 ces donn\u00e9es apr\u00e8s la transmission d\u2019une demande officielle transmise au responsable du projet.<\/p>\r\n                    <p>Ces donn\u00e9es seront pr\u00e9serv\u00e9es pendant toute la dur\u00e9e du projet (04\/10\/2022 \u2013 03\/10\/2026) sur cette plateforme.<\/p>\r\n                    <p>Une d\u00e9cision de pr\u00e9servation des donn\u00e9es apr\u00e8s la fin du projet sera prise par le COPIL ; tous les acteurs en seront avertis.<\/p>\r\n                    <p>Stockage num\u00e9rique sur des machines personnelles.<\/p>\r\n                    <p>Pour des raisons \u00e9videntes li\u00e9es au d\u00e9veloppement des diff\u00e9rentes t\u00e2ches du projet, les diff\u00e9rents acteurs du consortium peuvent poss\u00e9der des donn\u00e9es sur leur machine personnelle. Chaque partenaire et chaque acteur prendra toutes les\r\n                      pr\u00e9cautions qui s\u2019imposent pour prot\u00e9ger ces donn\u00e9es.<\/p>\r\n                    <p>\r\n                      <br>\r\n                    <\/p>\r\n                    <p>3.Diffusion et acc\u00e8s aux donn\u00e9es pour les publications scientifiques.<\/p>\r\n                    <p>Certaines conf\u00e9rences et revues exigent d\u2019avoir acc\u00e8s aux donn\u00e9es originales utilis\u00e9es pour les publications. Ces donn\u00e9es peuvent \u00eatre de deux types :<\/p>\r\n                    <p>&#8211; Donn\u00e9es issues des entreprises membres du consortium. L\u2019application de l\u2019accord de consortium du projet EOS par les partenaires garantira la conformit\u00e9 de la mise \u00e0 disposition de ces donn\u00e9es (par exemple en les anonymisant).<\/p>\r\n                    <p>&#8211; Donn\u00e9es issues des enqu\u00eates et questionnaires. Ces donn\u00e9es sont anonymis\u00e9es.<\/p>\r\n                    <p>Dans les deux cas, les donn\u00e9es ainsi trait\u00e9es seront d\u00e9pos\u00e9es sur la plateforme Github, dans un espace r\u00e9serv\u00e9 cr\u00e9\u00e9 par le porteur du projet : https:\/\/github.com\/Marc-Zolghadri\/EOS<\/p>\r\n                    <h2>\r\n                      <br>\r\n                    <\/h2>\r\n                    <p>\r\n                      <br>\r\n                    <\/p>\r\n                  <\/div>\r\n                <\/div>\r\n              <\/div>\r\n            <\/div>\r\n          <\/div>\r\n        <\/div>\r\n      <\/div>\r\n    <\/div>\r\n  <\/div>\r\n  <div data-colibri-component=\"section\" data-colibri-id=\"2-c21\" id=\"custom\" class=\"h-section h-section-global-spacing d-flex align-items-lg-center align-items-md-center align-items-center style-468 style-local-2-c21 position-relative\">\r\n    <!---->\r\n    <!---->\r\n    <div class=\"h-section-grid-container h-section-boxed-container\">\r\n      <!---->\r\n      <div data-colibri-id=\"2-c26\" class=\"h-row-container gutters-row-lg-2 gutters-row-md-2 gutters-row-0 gutters-row-v-lg-2 gutters-row-v-md-2 gutters-row-v-2 style-473 style-local-2-c26 position-relative\">\r\n        <!---->\r\n        <div class=\"h-row justify-content-lg-center justify-content-md-center justify-content-center align-items-lg-stretch align-items-md-stretch align-items-stretch gutters-col-lg-2 gutters-col-md-2 gutters-col-0 gutters-col-v-lg-2 gutters-col-v-md-2 gutters-col-v-2\">\r\n          <!---->\r\n          <div class=\"h-column h-column-container d-flex h-col-lg-auto h-col-md-auto h-col-auto style-474-outer style-local-2-c27-outer\">\r\n            <div data-colibri-id=\"2-c27\" class=\"d-flex h-flex-basis h-column__inner h-ui-empty-state-container h-px-lg-2 h-px-md-2 h-px-2 v-inner-lg-2 v-inner-md-2 v-inner-2 style-474 style-local-2-c27 position-relative\">\r\n              <!---->\r\n              <!---->\r\n              <div class=\"w-100 h-y-container h-column__content h-column__v-align flex-basis-100\">\r\n                <!---->\r\n              <\/div>\r\n            <\/div>\r\n          <\/div>\r\n        <\/div>\r\n      <\/div>\r\n    <\/div>\r\n  <\/div>\r\n<\/div>","protected":false},"excerpt":{"rendered":"<p>Protection des donn\u00e9es Les informations recueillies sur ce formulaire sont enregistr\u00e9es dans un fichier informatis\u00e9 par&nbsp;le consortium de projet EOS&nbsp;pour&nbsp;des travaux de recherche dans le cadre du projet N\u00b0ANR-22-CE10 La base l\u00e9gale du traitement est&nbsp;l\u2019engagement de publication de r\u00e9sultats anonymis\u00e9s. Les donn\u00e9es collect\u00e9es seront communiqu\u00e9es aux seuls destinataires suivants :&nbsp;le consortium tel que d\u00e9fini dans [&hellip;]<\/p>\n","protected":false},"author":4,"featured_media":51,"parent":0,"menu_order":0,"comment_status":"closed","ping_status":"closed","template":"page-templates\/full-width-page.php","meta":{"footnotes":""},"_links":{"self":[{"href":"https:\/\/institut-obsolescence.info\/index.php\/wp-json\/wp\/v2\/pages\/2"}],"collection":[{"href":"https:\/\/institut-obsolescence.info\/index.php\/wp-json\/wp\/v2\/pages"}],"about":[{"href":"https:\/\/institut-obsolescence.info\/index.php\/wp-json\/wp\/v2\/types\/page"}],"author":[{"embeddable":true,"href":"https:\/\/institut-obsolescence.info\/index.php\/wp-json\/wp\/v2\/users\/4"}],"replies":[{"embeddable":true,"href":"https:\/\/institut-obsolescence.info\/index.php\/wp-json\/wp\/v2\/comments?post=2"}],"version-history":[{"count":6,"href":"https:\/\/institut-obsolescence.info\/index.php\/wp-json\/wp\/v2\/pages\/2\/revisions"}],"predecessor-version":[{"id":4477,"href":"https:\/\/institut-obsolescence.info\/index.php\/wp-json\/wp\/v2\/pages\/2\/revisions\/4477"}],"wp:featuredmedia":[{"embeddable":true,"href":"https:\/\/institut-obsolescence.info\/index.php\/wp-json\/wp\/v2\/media\/51"}],"wp:attachment":[{"href":"https:\/\/institut-obsolescence.info\/index.php\/wp-json\/wp\/v2\/media?parent=2"}],"curies":[{"name":"wp","href":"https:\/\/api.w.org\/{rel}","templated":true}]}}