{"id":446,"date":"2022-10-20T17:40:47","date_gmt":"2022-10-20T15:40:47","guid":{"rendered":"http:\/\/institut-obsolescence.info\/?page_id=446"},"modified":"2023-03-28T11:33:58","modified_gmt":"2023-03-28T09:33:58","slug":"3eme-obso-days","status":"publish","type":"page","link":"https:\/\/institut-obsolescence.info\/index.php\/3eme-obso-days\/","title":{"rendered":"3\u00e8me Obso-Days"},"content":{"rendered":"\n<p class=\"has-colibri-color-6-color has-text-color\">L&#8217;IFO\/IIOM-France organise les <strong>3\u00e8me Obso-Days<\/strong> les <strong>4&amp;5 Avril 2023 \u00e0 <\/strong> <strong><a rel=\"noreferrer noopener\" href=\"https:\/\/www.selhagroup.com\/\" target=\"_blank\">Selha Group<\/a><\/strong>, Einea | Z.I. rue Lavoisier, 76260 <strong><a rel=\"noreferrer noopener\" href=\"https:\/\/www.ville-eu.fr\/\" target=\"_blank\">EU<\/a> <\/strong>, Normandie.<\/p>\n\n\n\n<p class=\"has-colibri-color-6-color has-text-color\"> Cet \u00e9v\u00e8nement sera une occasion de rencontrer des experts de l&#8217;obsolescence, assister aux pr\u00e9sentations des derniers travaux de recherche appliqu\u00e9e et \u00e9changer autour des derni\u00e8res pratiques et solutions industrielles.&nbsp;<\/p>\n\n\n\n<p class=\"has-colibri-color-6-color has-text-color\">Ces journ\u00e9es sont organis\u00e9es par des sessions\u202f&nbsp;:<\/p>\n\n\n\n<ul class=\"has-colibri-color-6-color has-text-color\">\n<li>industrielles,&nbsp;<\/li>\n\n\n\n<li>acad\u00e9miques,&nbsp;<\/li>\n\n\n\n<li>brainstorming,&nbsp;&nbsp; <\/li>\n\n\n\n<li>groupes de travail.&nbsp; <\/li>\n<\/ul>\n\n\n\n<p class=\"has-colibri-color-6-color has-text-color\">Pour avoir plus de d\u00e9tails sur le programme des Obso-Days, vous pouvez consulter le fichier suivant :<\/p>\n\n\n\n<div data-wp-interactive=\"\" class=\"wp-block-file\"><object data-wp-bind--hidden=\"!selectors.core.file.hasPdfPreview\" hidden class=\"wp-block-file__embed\" data=\"https:\/\/institut-obsolescence.info\/wp-content\/uploads\/2023\/03\/Agenda-JdO-2023-VF-2.pdf\" type=\"application\/pdf\" style=\"width:100%;height:600px\" aria-label=\"Contenu embarqu\u00e9 Agenda-JdO-2023-VF.\"><\/object><a id=\"wp-block-file--media-7ae18ba0-ecd5-4a2d-ad30-e60ac0ff1b87\" href=\"https:\/\/institut-obsolescence.info\/wp-content\/uploads\/2023\/03\/Agenda-JdO-2023-VF-2.pdf\" target=\"_blank\" rel=\"noreferrer noopener\">Agenda-JdO-2023-VF<\/a><\/div>\n\n\n\n<h2 class=\"has-colibri-color-1-color has-text-color has-medium-font-size wp-block-heading\"><strong>Solutions Show<\/strong><\/h2>\n\n\n\n<p class=\"has-colibri-color-6-color has-text-color\">Un espace est r\u00e9serv\u00e9 aux entreprises souhaitant proc\u00e9der \u00e0 des d\u00e9monstrations de leurs solutions. Chaque entreprise a un espace d\u00e9di\u00e9 pour mettre en avant ses prestations, solutions, outils, permettant ainsi un \u00e9change direct avec les participants au colloque.<\/p>\n\n\n\n<h2 class=\"has-colibri-color-1-color has-text-color has-medium-font-size wp-block-heading\"><strong>Inscription<\/strong><\/h2>\n\n\n\n<p class=\"has-colibri-color-6-color has-text-color\">Les frais d\u2019inscription comprennent les pauses caf\u00e9, les d\u00e9jeuners, l\u2019ap\u00e9ro dinatoire du 03 avril et le repas de Gala. <\/p>\n\n\n\n<p class=\"has-text-color\" style=\"color:#f20707\"><strong> Le tableau suivant r\u00e9sume les frais d&#8217;inscription pour les adh\u00e9rents \u00e0 l&#8217;IFO\/IIOM-France  et les non adh\u00e9rents. Veuillez noter qu&#8217;\u00e0 partir du 16 f\u00e9vrier 2023, les frais d&#8217;inscription seront augment\u00e9s. <\/strong><\/p>\n\n\n\n<figure class=\"wp-block-table aligncenter\"><table class=\"has-colibri-color-6-color has-text-color has-fixed-layout\"><tbody><tr><td class=\"has-text-align-center\" data-align=\"center\"><strong>Jusqu&#8217;au 15 f\u00e9vrier 2023<\/strong><\/td><td class=\"has-text-align-center\" data-align=\"center\"><strong>Apr\u00e8s le 15 f\u00e9vrier 2023<\/strong><\/td><\/tr><tr><td class=\"has-text-align-center\" data-align=\"center\">Adh\u00e9rents : 300\u20ac<\/td><td class=\"has-text-align-center\" data-align=\"center\">Adh\u00e9rents : 400\u20ac<\/td><\/tr><tr><td class=\"has-text-align-center\" data-align=\"center\">Non adh\u00e9rents : 450\u20ac<\/td><td class=\"has-text-align-center\" data-align=\"center\">Non adh\u00e9rents : 600\u20ac<\/td><\/tr><\/tbody><\/table><\/figure>\n\n\n\n<p class=\"has-colibri-color-6-color has-text-color\">Pour s&#8217;inscrire aux Obso-Days, veuillez compl\u00e9ter le <strong>bulletin d&#8217;inscription <\/strong>ci-dessous :<\/p>\n\n\n\n<div class=\"wp-block-file\"><a id=\"wp-block-file--media-3d1fe45a-a4e7-40e1-a25b-60ba01de57d8\" href=\"https:\/\/institut-obsolescence.info\/wp-content\/uploads\/2022\/12\/Bulletin-Inscription-ObsoDays2023.docx\" target=\"_blank\" rel=\"noreferrer noopener\"><strong>Bulletin-Inscription-ObsoDays2023<\/strong><\/a><\/div>\n\n\n\n<p class=\"has-colibri-color-6-color has-text-color\">Une fois compl\u00e9t\u00e9, vous pouvez l&#8217;envoyer <strong>par courrier <\/strong>\u00e0 l&#8217;adresse<strong> <\/strong>: 1223 rue de Pr\u00e9au 45130 Huisseau-sur-Mauve<strong> ou par mail<\/strong> \u00e0 : <strong><a href=\"mailto:finances@institut-obsolescence.fr\">finances@institut-obsolescence.fr<\/a>.<\/strong><\/p>\n\n\n\n<h2 class=\"has-colibri-color-1-color has-text-color has-medium-font-size wp-block-heading\"><strong>H\u00f4tels \u00e0 proximit\u00e9 <\/strong><\/h2>\n\n\n\n<p class=\"has-colibri-color-6-color has-text-color\">Pour les r\u00e9servations d\u2019h\u00f4tel, vous pouvez consulter la liste suivante des des h\u00f4tels \u00e0 proximit\u00e9 :<\/p>\n\n\n\n<div class=\"wp-block-file\"><a id=\"wp-block-file--media-1dc5318e-d414-48d7-b905-62a80c0dc435\" href=\"https:\/\/institut-obsolescence.info\/wp-content\/uploads\/2023\/01\/HOTEL_EINEA.pdf\"><strong>H\u00f4tels \u00e0 proximit\u00e9 <\/strong><\/a><\/div>\n\n\n\n<h2 class=\"has-colibri-color-1-color has-text-color has-medium-font-size wp-block-heading\"><strong>Pour plus d&#8217;information<\/strong><\/h2>\n\n\n\n<p class=\"has-colibri-color-6-color has-text-color\">Pour plus d\u2019information sur l\u2019organisation des Obso-Days et l\u2019inscription, vous pouvez contacter&nbsp;<a rel=\"noreferrer noopener\" href=\"mailto:finances@institut-obsolescence.fr\" target=\"_blank\"><strong>contact@institut-obsolescence.fr<\/strong><\/a>&nbsp; et consulter le lien suivant :<\/p>\n\n\n\n<div class=\"wp-block-file\"><a id=\"wp-block-file--media-bb2106ba-6600-43f9-a3e9-c621d99e4255\" href=\"https:\/\/institut-obsolescence.info\/wp-content\/uploads\/2022\/11\/Appel-Obso-Days-2023.pdf\" target=\"_blank\" rel=\"noreferrer noopener\"><strong>Appel-Obso-Days-2023<\/strong><\/a><\/div>\n","protected":false},"excerpt":{"rendered":"<p>L&#8217;IFO\/IIOM-France organise les 3\u00e8me Obso-Days les 4&amp;5 Avril 2023 \u00e0 Selha Group, Einea | Z.I. rue Lavoisier, 76260 EU , Normandie. Cet \u00e9v\u00e8nement sera une occasion de rencontrer des experts de l&#8217;obsolescence, assister aux pr\u00e9sentations des derniers travaux de recherche appliqu\u00e9e et \u00e9changer autour des derni\u00e8res pratiques et solutions industrielles.&nbsp; Ces journ\u00e9es sont organis\u00e9es par [&hellip;]<\/p>\n","protected":false},"author":2,"featured_media":0,"parent":0,"menu_order":0,"comment_status":"closed","ping_status":"closed","template":"","meta":{"footnotes":""},"_links":{"self":[{"href":"https:\/\/institut-obsolescence.info\/index.php\/wp-json\/wp\/v2\/pages\/446"}],"collection":[{"href":"https:\/\/institut-obsolescence.info\/index.php\/wp-json\/wp\/v2\/pages"}],"about":[{"href":"https:\/\/institut-obsolescence.info\/index.php\/wp-json\/wp\/v2\/types\/page"}],"author":[{"embeddable":true,"href":"https:\/\/institut-obsolescence.info\/index.php\/wp-json\/wp\/v2\/users\/2"}],"replies":[{"embeddable":true,"href":"https:\/\/institut-obsolescence.info\/index.php\/wp-json\/wp\/v2\/comments?post=446"}],"version-history":[{"count":70,"href":"https:\/\/institut-obsolescence.info\/index.php\/wp-json\/wp\/v2\/pages\/446\/revisions"}],"predecessor-version":[{"id":945,"href":"https:\/\/institut-obsolescence.info\/index.php\/wp-json\/wp\/v2\/pages\/446\/revisions\/945"}],"wp:attachment":[{"href":"https:\/\/institut-obsolescence.info\/index.php\/wp-json\/wp\/v2\/media?parent=446"}],"curies":[{"name":"wp","href":"https:\/\/api.w.org\/{rel}","templated":true}]}}