{"id":7,"date":"2021-10-11T14:36:58","date_gmt":"2021-10-11T12:36:58","guid":{"rendered":"http:\/\/institut-obsolescence.info\/?page_id=7"},"modified":"2026-01-20T11:42:40","modified_gmt":"2026-01-20T10:42:40","slug":"a-propos-de","status":"publish","type":"page","link":"https:\/\/institut-obsolescence.info\/index.php\/a-propos-de\/","title":{"rendered":"Qui sommes-nous ?"},"content":{"rendered":"<div data-colibri-id=\"7-c1\" class=\"style-646 style-local-7-c1 position-relative\">\n  <!---->\n  <div data-colibri-component=\"section\" data-colibri-id=\"7-c2\" id=\"initial-content\" class=\"h-section h-section-global-spacing d-flex align-items-lg-center align-items-md-center align-items-center style-647 style-local-7-c2 position-relative\">\n    <!---->\n    <!---->\n    <div class=\"h-section-grid-container h-section-boxed-container\">\n      <!---->\n      <div data-colibri-id=\"7-c3\" class=\"h-row-container gutters-row-lg-2 gutters-row-md-2 gutters-row-0 gutters-row-v-lg-2 gutters-row-v-md-2 gutters-row-v-2 style-1824 style-local-7-c3 position-relative\">\n        <!---->\n        <div class=\"h-row justify-content-lg-center justify-content-md-center justify-content-center align-items-lg-stretch align-items-md-stretch align-items-stretch gutters-col-lg-2 gutters-col-md-2 gutters-col-0 gutters-col-v-lg-2 gutters-col-v-md-2 gutters-col-v-2\">\n          <!---->\n          <div class=\"h-column h-column-container d-flex h-col-lg-auto h-col-md-auto h-col-auto style-1825-outer style-local-7-c4-outer\">\n            <div data-colibri-id=\"7-c4\" class=\"d-flex h-flex-basis h-column__inner h-px-lg-2 h-px-md-2 h-px-2 v-inner-lg-2 v-inner-md-2 v-inner-2 style-1825 style-local-7-c4 position-relative\">\n              <!---->\n              <!---->\n              <div class=\"w-100 h-y-container h-column__content h-column__v-align flex-basis-100 align-self-lg-start align-self-md-start align-self-start\">\n                <!---->\n                <div data-colibri-id=\"7-c5\" class=\"h-global-transition-all h-heading style-1826 style-local-7-c5 position-relative h-element\">\n                  <!---->\n                  <div class=\"h-heading__outer style-1826 style-local-7-c5\">\n                    <!---->\n                    <!---->\n                    <h3 class=\"\">Qu\u2019est-ce que l\u2019Institut Francophone de l\u2019Obsolescence ?<\/h3>\n                  <\/div>\n                <\/div>\n              <\/div>\n            <\/div>\n          <\/div>\n        <\/div>\n      <\/div>\n      <div data-colibri-id=\"7-c6\" class=\"h-row-container gutters-row-lg-2 gutters-row-md-2 gutters-row-0 gutters-row-v-lg-2 gutters-row-v-md-2 gutters-row-v-2 style-1827 style-local-7-c6 position-relative\">\n        <!---->\n        <div class=\"h-row justify-content-lg-center justify-content-md-center justify-content-center align-items-lg-stretch align-items-md-stretch align-items-stretch gutters-col-lg-2 gutters-col-md-2 gutters-col-0 gutters-col-v-lg-2 gutters-col-v-md-2 gutters-col-v-2\">\n          <!---->\n          <div class=\"h-column h-column-container d-flex h-col-lg-auto h-col-md-auto h-col-auto style-1828-outer style-local-7-c7-outer\">\n            <div data-colibri-id=\"7-c7\" class=\"d-flex h-flex-basis h-column__inner h-px-lg-2 h-px-md-2 h-px-2 v-inner-lg-2 v-inner-md-2 v-inner-2 style-1828 style-local-7-c7 position-relative\">\n              <!---->\n              <!---->\n              <div class=\"w-100 h-y-container h-column__content h-column__v-align flex-basis-100 align-self-lg-start align-self-md-start align-self-start\">\n                <!---->\n                <div data-colibri-component=\"video\" data-colibri-id=\"7-c8\" class=\"d-block h-video d-block h-video style-1822 style-local-7-c8 position-relative h-element\">\n                  <!---->\n                  <!---->\n                  <div class=\"video-container position-relative\">\n                    <div class=\"h-global-transition-all ratio-inner\"><iframe src=https:\/\/www.youtube.com\/embed\/cCpfQ4c1kDQ?autoplay=0&#038;mute=0&#038;modestbranding=0&#038;rel=0&#038;enablejsapi=1&#038; class='h-video-main'  allowfullscreen><\/iframe><\/div>\n                  <\/div>\n                <\/div>\n              <\/div>\n            <\/div>\n          <\/div>\n        <\/div>\n      <\/div>\n      <div data-colibri-id=\"7-c10\" class=\"h-row-container gutters-row-lg-2 gutters-row-md-2 gutters-row-0 gutters-row-v-lg-2 gutters-row-v-md-2 gutters-row-v-2 style-652 style-local-7-c10 position-relative\">\n        <!---->\n        <div class=\"h-row justify-content-lg-center justify-content-md-center justify-content-center align-items-lg-stretch align-items-md-stretch align-items-stretch gutters-col-lg-2 gutters-col-md-2 gutters-col-0 gutters-col-v-lg-2 gutters-col-v-md-2 gutters-col-v-2\">\n          <!---->\n          <div class=\"h-column h-column-container d-flex h-col-lg-auto h-col-md-auto h-col-auto style-653-outer style-local-7-c11-outer\">\n            <div data-colibri-id=\"7-c11\" class=\"d-flex h-flex-basis h-column__inner h-px-lg-2 h-px-md-2 h-px-2 v-inner-lg-2 v-inner-md-2 v-inner-2 style-653 style-local-7-c11 position-relative\">\n              <!---->\n              <!---->\n              <div class=\"w-100 h-y-container h-column__content h-column__v-align flex-basis-100 align-self-lg-start align-self-md-start align-self-start\">\n                <!---->\n                <div data-colibri-id=\"7-c12\" class=\"h-text h-text-component style-615 style-local-7-c12 position-relative h-element\">\n                  <!---->\n                  <!---->\n                  <div class=\"\">\n                    <h4><span style=\"font-weight: 400;\">L\u2019Institut Fran\u00e7ais de l\u2019Obsolescence -IFO- est une association loi 1901 \u00e0 but non lucratif. L\u2019Institut est depuis 2022 le Chapitre fran\u00e7ais de l\u2019IIOM -International Institute of Obsolescence Management. L\u2019Institut veut \u00eatre un acteur dynamique et f\u00e9d\u00e9rateur au service d\u2019une industrie et d\u2019une soci\u00e9t\u00e9 soutenables.<\/span><\/h4>\n                    <h4><span style=\"font-weight: 400;\">Nous consid\u00e9rons les probl\u00e9matiques li\u00e9es\u202f:<\/span><\/h4>\n                    <h4><span style=\"font-weight: 400;\">&#8211; aux obsolescences sous toutes leurs formes\u202f: composants \u00e9lectroniques, \u00e9lectriques, m\u00e9caniques, structurels, logiciels,<\/span><\/h4>\n                    <h4><span style=\"font-weight: 400;\">&#8211; aux obsolescences des besoins, exigences, performances, r\u00e9glementations, standards, fonctions, technologies.<\/span><\/h4>\n                    <h4><span style=\"font-weight: 400;\">&#8211; aux obsolescences des savoir-faire, connaissances, li\u00e9es aux arriv\u00e9es et aux d\u00e9parts de collaborateurs dans les entreprises.<\/span><\/h4>\n                    <h4><span style=\"font-weight: 400;\">&#8211; aux p\u00e9nuries pr\u00e9visibles et impr\u00e9visibles de composants de toutes technologies, d\u2019op\u00e9rateurs et de savoir-faire.<\/span><\/h4>\n                    <p>\n                      <br>\n                    <\/p>\n                  <\/div>\n                <\/div>\n              <\/div>\n            <\/div>\n          <\/div>\n          <div class=\"h-column h-column-container d-flex h-col-lg-auto h-col-md-auto h-col-auto style-2022-outer style-local-7-c13-outer\">\n            <div data-colibri-id=\"7-c13\" class=\"d-flex h-flex-basis h-column__inner h-px-lg-2 h-px-md-2 h-px-2 v-inner-lg-2 v-inner-md-2 v-inner-2 style-2022 style-local-7-c13 position-relative\">\n              <!---->\n              <!---->\n              <div class=\"w-100 h-y-container h-column__content h-column__v-align flex-basis-100 align-self-lg-start align-self-md-start align-self-start\">\n                <!---->\n                <div data-colibri-id=\"7-c14\" class=\"d-block style-1123 style-local-7-c14 position-relative h-element\">\n                  <!---->\n                  <div class=\"h-image__frame-container-outer\">\n                    <div class=\"h-image__frame-container\">\n                      <!---->\n                      <!---->\n                      <img loading=\"lazy\" decoding=\"async\" width=\"637\" height=\"850\" src=\"https:\/\/institut-obsolescence.info\/wp-content\/uploads\/2023\/04\/cropped-cropped-cropped-cropped-WhatsApp-Image-2023-02-08-at-18.55.14.jpeg\" class=\"wp-image-2992 style-1123-image style-local-7-c14-image\" alt=\"\" srcset=\"https:\/\/institut-obsolescence.info\/wp-content\/uploads\/2023\/04\/cropped-cropped-cropped-cropped-WhatsApp-Image-2023-02-08-at-18.55.14.jpeg 637w, https:\/\/institut-obsolescence.info\/wp-content\/uploads\/2023\/04\/cropped-cropped-cropped-cropped-WhatsApp-Image-2023-02-08-at-18.55.14-600x801.jpeg 600w, https:\/\/institut-obsolescence.info\/wp-content\/uploads\/2023\/04\/cropped-cropped-cropped-cropped-WhatsApp-Image-2023-02-08-at-18.55.14-225x300.jpeg 225w\" sizes=\"(max-width: 637px) 100vw, 637px\" \/>\n                      <div class=\"h-image__frame h-hide-lg h-hide-md h-hide-sm style-1123-frameImage style-local-7-c14-frameImage\"><\/div>\n                    <\/div>\n                  <\/div>\n                <\/div>\n              <\/div>\n            <\/div>\n          <\/div>\n        <\/div>\n      <\/div>\n      <div data-colibri-id=\"7-c15\" class=\"h-row-container gutters-row-lg-2 gutters-row-md-2 gutters-row-0 gutters-row-v-lg-2 gutters-row-v-md-2 gutters-row-v-2 style-2023 style-local-7-c15 position-relative\">\n        <!---->\n        <div class=\"h-row justify-content-lg-center justify-content-md-center justify-content-center align-items-lg-stretch align-items-md-stretch align-items-stretch gutters-col-lg-2 gutters-col-md-2 gutters-col-0 gutters-col-v-lg-2 gutters-col-v-md-2 gutters-col-v-2\">\n          <!---->\n          <div class=\"h-column h-column-container d-flex h-col-lg-auto h-col-md-auto h-col-auto style-2024-outer style-local-7-c16-outer\">\n            <div data-colibri-id=\"7-c16\" class=\"d-flex h-flex-basis h-column__inner h-ui-empty-state-container h-px-lg-2 h-px-md-2 h-px-2 v-inner-lg-2 v-inner-md-2 v-inner-2 style-2024 style-local-7-c16 position-relative\">\n              <!---->\n              <!---->\n              <div class=\"w-100 h-y-container h-column__content h-column__v-align flex-basis-100\">\n                <!---->\n              <\/div>\n            <\/div>\n          <\/div>\n        <\/div>\n      <\/div>\n      <div data-colibri-id=\"7-c17\" class=\"h-row-container gutters-row-lg-2 gutters-row-md-2 gutters-row-0 gutters-row-v-lg-2 gutters-row-v-md-2 gutters-row-v-2 style-1829 style-local-7-c17 position-relative\">\n        <!---->\n        <div class=\"h-row justify-content-lg-center justify-content-md-center justify-content-center align-items-lg-stretch align-items-md-stretch align-items-stretch gutters-col-lg-2 gutters-col-md-2 gutters-col-0 gutters-col-v-lg-2 gutters-col-v-md-2 gutters-col-v-2\">\n          <!---->\n          <div class=\"h-column h-column-container d-flex h-col-lg-auto h-col-md-auto h-col-auto style-1830-outer style-local-7-c18-outer\">\n            <div data-colibri-id=\"7-c18\" class=\"d-flex h-flex-basis h-column__inner h-px-lg-2 h-px-md-2 h-px-2 v-inner-lg-2 v-inner-md-2 v-inner-2 style-1830 style-local-7-c18 position-relative\">\n              <!---->\n              <!---->\n              <div class=\"w-100 h-y-container h-column__content h-column__v-align flex-basis-100 align-self-lg-start align-self-md-start align-self-start\">\n                <!---->\n                <div data-colibri-id=\"7-c19\" class=\"h-icon style-1191 style-local-7-c19 position-relative h-element\">\n                  <!---->\n                  <a href=\"https:\/\/institut-obsolescence.info\/index.php\/en-savoir-plus-ifo\/\" h-use-smooth-scroll=\"true\"><span class=\"h-svg-icon h-icon__icon style-1191-icon style-local-7-c19-icon\"><!--Icon by Font Awesome (https:\/\/fontawesome.com)-->\n    <svg version=\"1.1\" xmlns=\"http:\/\/www.w3.org\/2000\/svg\" xmlns:xlink=\"http:\/\/www.w3.org\/1999\/xlink\" id=\"search-plus\" viewBox=\"0 0 1672.5686 1896.0833\">\n      <path d=\"M1024 800v64q0 13-9.5 22.5T992 896H768v224q0 13-9.5 22.5T736 1152h-64q-13 0-22.5-9.5T640 1120V896H416q-13 0-22.5-9.5T384 864v-64q0-13 9.5-22.5T416 768h224V544q0-13 9.5-22.5T672 512h64q13 0 22.5 9.5T768 544v224h224q13 0 22.5 9.5t9.5 22.5zm128 32q0-185-131.5-316.5T704 384 387.5 515.5 256 832t131.5 316.5T704 1280t316.5-131.5T1152 832zm512 832q0 53-37.5 90.5T1536 1792q-54 0-90-38l-343-342q-179 124-399 124-143 0-273.5-55.5t-225-150-150-225T0 832t55.5-273.5 150-225 225-150T704 128t273.5 55.5 225 150 150 225T1408 832q0 220-124 399l343 343q37 37 37 90z\"><\/path>\n    <\/svg><\/span><\/a>\n                <\/div>\n                <div data-colibri-id=\"7-c20\" class=\"h-global-transition-all h-heading style-1192 style-local-7-c20 position-relative h-element\">\n                  <!---->\n                  <div class=\"h-heading__outer style-1192 style-local-7-c20\">\n                    <!---->\n                    <!---->\n                    <h5 class=\"\">EN SAVOIR PLUS<\/h5>\n                  <\/div>\n                <\/div>\n              <\/div>\n            <\/div>\n          <\/div>\n          <div class=\"h-column h-column-container d-flex h-col-lg-auto h-col-md-auto h-col-auto style-1831-outer style-local-7-c21-outer\">\n            <div data-colibri-id=\"7-c21\" class=\"d-flex h-flex-basis h-column__inner h-px-lg-2 h-px-md-2 h-px-2 v-inner-lg-2 v-inner-md-2 v-inner-2 style-1831 style-local-7-c21 position-relative\">\n              <!---->\n              <!---->\n              <div class=\"w-100 h-y-container h-column__content h-column__v-align flex-basis-100 align-self-lg-start align-self-md-start align-self-start\">\n                <!---->\n                <div data-colibri-id=\"7-c22\" class=\"h-icon style-1191 style-local-7-c22 position-relative h-element\">\n                  <!---->\n                  <a href=\"https:\/\/institut-obsolescence.info\/index.php\/contact\/\" h-use-smooth-scroll=\"true\"><span class=\"h-svg-icon h-icon__icon style-1191-icon style-local-7-c22-icon\"><!--Icon by Ionicons (https:\/\/ionicons.com)--><svg version=\"1.1\" xmlns=\"http:\/\/www.w3.org\/2000\/svg\" xmlns:xlink=\"http:\/\/www.w3.org\/1999\/xlink\" id=\"android-mail\" viewBox=\"0 0 448 512\"><path d=\"M405 80c23 0 43 20 43 43v266c0 23-20 43-43 43H43c-23 0-43-20-43-43V123c0-23 20-43 43-43h362zm-5 91v-43L224 245 48 128v43l176 117z\"><\/path><\/svg><\/span><\/a>\n                <\/div>\n                <div data-colibri-id=\"7-c23\" class=\"h-global-transition-all h-heading style-1192 style-local-7-c23 position-relative h-element\">\n                  <!---->\n                  <div class=\"h-heading__outer style-1192 style-local-7-c23\">\n                    <!---->\n                    <!---->\n                    <h5 class=\"\">nOUS CONTACTER<\/h5>\n                  <\/div>\n                <\/div>\n              <\/div>\n            <\/div>\n          <\/div>\n          <div class=\"h-column h-column-container d-flex h-col-lg-auto h-col-md-auto h-col-auto style-1832-outer style-local-7-c24-outer\">\n            <div data-colibri-id=\"7-c24\" class=\"d-flex h-flex-basis h-column__inner h-px-lg-2 h-px-md-2 h-px-2 v-inner-lg-2 v-inner-md-2 v-inner-2 style-1832 style-local-7-c24 position-relative\">\n              <!---->\n              <!---->\n              <div class=\"w-100 h-y-container h-column__content h-column__v-align flex-basis-100 align-self-lg-start align-self-md-start align-self-start\">\n                <!---->\n                <div data-colibri-id=\"7-c25\" class=\"h-icon style-1191 style-local-7-c25 position-relative h-element\">\n                  <!---->\n                  <a href=\"https:\/\/institut-obsolescence.info\/index.php\/devenir-membre\/\" h-use-smooth-scroll=\"true\"><span class=\"h-svg-icon h-icon__icon style-1191-icon style-local-7-c25-icon\"><!--Icon by Font Awesome (https:\/\/fontawesome.com)-->\n    <svg version=\"1.1\" xmlns=\"http:\/\/www.w3.org\/2000\/svg\" xmlns:xlink=\"http:\/\/www.w3.org\/1999\/xlink\" id=\"group\" viewBox=\"0 0 1920 1896.0833\">\n      <path d=\"M593 896q-162 5-265 128H194q-82 0-138-40.5T0 865q0-353 124-353 6 0 43.5 21t97.5 42.5T384 597q67 0 133-23-5 37-5 66 0 139 81 256zm1071 637q0 120-73 189.5t-194 69.5H523q-121 0-194-69.5T256 1533q0-53 3.5-103.5t14-109T300 1212t43-97.5 62-81 85.5-53.5T602 960q10 0 43 21.5t73 48 107 48 135 21.5 135-21.5 107-48 73-48 43-21.5q61 0 111.5 20t85.5 53.5 62 81 43 97.5 26.5 108.5 14 109 3.5 103.5zM640 256q0 106-75 181t-181 75-181-75-75-181 75-181T384 0t181 75 75 181zm704 384q0 159-112.5 271.5T960 1024 688.5 911.5 576 640t112.5-271.5T960 256t271.5 112.5T1344 640zm576 225q0 78-56 118.5t-138 40.5h-134q-103-123-265-128 81-117 81-256 0-29-5-66 66 23 133 23 59 0 119-21.5t97.5-42.5 43.5-21q124 0 124 353zm-128-609q0 106-75 181t-181 75-181-75-75-181 75-181 181-75 181 75 75 181z\"><\/path>\n    <\/svg><\/span><\/a>\n                <\/div>\n                <div data-colibri-id=\"7-c26\" class=\"h-global-transition-all h-heading style-1192 style-local-7-c26 position-relative h-element\">\n                  <!---->\n                  <div class=\"h-heading__outer style-1192 style-local-7-c26\">\n                    <!---->\n                    <!---->\n                    <h5 class=\"\">aDHerer \u00e0 l&#8217;IFO<\/h5>\n                  <\/div>\n                <\/div>\n                <div data-colibri-id=\"7-c27\" class=\"style-1837 style-local-7-c27 position-relative h-element\">\n                  <!---->\n                <\/div>\n                <div data-colibri-id=\"7-c28\" class=\"h-global-transition-all h-heading style-1192 style-local-7-c28 position-relative h-element\">\n                  <!---->\n                  <div class=\"h-heading__outer style-1192 style-local-7-c28\">\n                    <!---->\n                    <!---->\n                    <h5 class=\"\">SUIVRE l&#8217;IFO<\/h5>\n                  <\/div>\n                <\/div>\n                <div data-colibri-id=\"7-c29\" class=\"d-block style-1607 style-local-7-c29 position-relative h-element\">\n                  <!---->\n                  <div class=\"h-image__frame-container-outer\">\n                    <a href=\"\/\/www.linkedin.com\/company\/institut-francais-de-l-obsolescence\/\" target=\"_blank\" h-use-smooth-scroll=\"true\" class=\"image-link\" rel=\"noopener\">\n                      <div class=\"h-image__frame-container\">\n                        <!---->\n                        <!---->\n                        <img loading=\"lazy\" decoding=\"async\" width=\"144\" height=\"34\" src=\"https:\/\/institut-obsolescence.info\/wp-content\/uploads\/2024\/02\/LinkedIn-Logo-2C-34px-R.png\" class=\"wp-image-4551 style-1607-image style-local-7-c29-image\" alt=\"\" \/>\n                        <div class=\"h-image__frame h-hide-lg h-hide-md h-hide-sm style-1607-frameImage style-local-7-c29-frameImage\"><\/div>\n                      <\/div>\n                    <\/a>\n                  <\/div>\n                <\/div>\n              <\/div>\n            <\/div>\n          <\/div>\n        <\/div>\n      <\/div>\n      <div data-colibri-id=\"7-c30\" class=\"h-row-container gutters-row-lg-2 gutters-row-md-2 gutters-row-0 gutters-row-v-lg-2 gutters-row-v-md-2 gutters-row-v-2 style-1841 style-local-7-c30 position-relative\">\n        <!---->\n        <div class=\"h-row justify-content-lg-center justify-content-md-center justify-content-center align-items-lg-stretch align-items-md-stretch align-items-stretch gutters-col-lg-2 gutters-col-md-2 gutters-col-0 gutters-col-v-lg-2 gutters-col-v-md-2 gutters-col-v-2\">\n          <!---->\n          <div class=\"h-column h-column-container d-flex h-col-lg-auto h-col-md-auto h-col-auto style-1842-outer style-local-7-c31-outer\">\n            <div data-colibri-id=\"7-c31\" class=\"d-flex h-flex-basis h-column__inner h-ui-empty-state-container h-px-lg-2 h-px-md-2 h-px-2 v-inner-lg-2 v-inner-md-2 v-inner-2 style-1842 style-local-7-c31 position-relative\">\n              <!---->\n              <!---->\n              <div class=\"w-100 h-y-container h-column__content h-column__v-align flex-basis-100\">\n                <!---->\n              <\/div>\n            <\/div>\n          <\/div>\n        <\/div>\n      <\/div>\n      <div data-colibri-id=\"7-c32\" class=\"h-row-container gutters-row-lg-2 gutters-row-md-2 gutters-row-0 gutters-row-v-lg-2 gutters-row-v-md-2 gutters-row-v-2 style-1843 style-local-7-c32 position-relative\">\n        <!---->\n        <div class=\"h-row justify-content-lg-center justify-content-md-center justify-content-center align-items-lg-stretch align-items-md-stretch align-items-stretch gutters-col-lg-2 gutters-col-md-2 gutters-col-0 gutters-col-v-lg-2 gutters-col-v-md-2 gutters-col-v-2\">\n          <!---->\n          <div class=\"h-column h-column-container d-flex h-col-lg-auto h-col-md-auto h-col-auto style-1844-outer style-local-7-c33-outer\">\n            <div data-colibri-id=\"7-c33\" class=\"d-flex h-flex-basis h-column__inner h-px-lg-2 h-px-md-2 h-px-2 v-inner-lg-2 v-inner-md-2 v-inner-2 style-1844 style-local-7-c33 position-relative\">\n              <!---->\n              <!---->\n              <div class=\"w-100 h-y-container h-column__content h-column__v-align flex-basis-100 align-self-lg-start align-self-md-start align-self-start\">\n                <!---->\n                <div data-colibri-id=\"7-c34\" class=\"h-text h-text-component style-1612 style-local-7-c34 position-relative h-element\">\n                  <!---->\n                  <!---->\n                  <div class=\"\">\n                    <p>\n                      <a href=\"https:\/\/institut-obsolescence.info\/index.php\/politique-de-confidentialite\" target=\"_blank\" rel=\"noopener\">Politique de confidentialit\u00e9<\/a>\n                    <\/p>\n                  <\/div>\n                <\/div>\n                <div data-colibri-id=\"7-c35\" class=\"h-text h-text-component style-1612 style-local-7-c35 position-relative h-element\">\n                  <!---->\n                  <!---->\n                  <div class=\"\">\n                    <p>\u00a9Institut Fran\u00e7ais de l&#8217;Obsolescence &#8211; 2024<\/p>\n                  <\/div>\n                <\/div>\n              <\/div>\n            <\/div>\n          <\/div>\n        <\/div>\n      <\/div>\n    <\/div>\n  <\/div>\n<\/div>","protected":false},"excerpt":{"rendered":"<p>Qu\u2019est-ce que l\u2019Institut Francophone de l\u2019Obsolescence ? L\u2019Institut Fran\u00e7ais de l\u2019Obsolescence -IFO- est une association loi 1901 \u00e0 but non lucratif. L\u2019Institut est depuis 2022 le Chapitre fran\u00e7ais de l\u2019IIOM -International Institute of Obsolescence Management. L\u2019Institut veut \u00eatre un acteur dynamique et f\u00e9d\u00e9rateur au service d\u2019une industrie et d\u2019une soci\u00e9t\u00e9 soutenables. Nous consid\u00e9rons les probl\u00e9matiques [&hellip;]<\/p>\n","protected":false},"author":1,"featured_media":0,"parent":0,"menu_order":0,"comment_status":"closed","ping_status":"closed","template":"page-templates\/full-width-page.php","meta":{"footnotes":""},"_links":{"self":[{"href":"https:\/\/institut-obsolescence.info\/index.php\/wp-json\/wp\/v2\/pages\/7"}],"collection":[{"href":"https:\/\/institut-obsolescence.info\/index.php\/wp-json\/wp\/v2\/pages"}],"about":[{"href":"https:\/\/institut-obsolescence.info\/index.php\/wp-json\/wp\/v2\/types\/page"}],"author":[{"embeddable":true,"href":"https:\/\/institut-obsolescence.info\/index.php\/wp-json\/wp\/v2\/users\/1"}],"replies":[{"embeddable":true,"href":"https:\/\/institut-obsolescence.info\/index.php\/wp-json\/wp\/v2\/comments?post=7"}],"version-history":[{"count":20,"href":"https:\/\/institut-obsolescence.info\/index.php\/wp-json\/wp\/v2\/pages\/7\/revisions"}],"predecessor-version":[{"id":7154,"href":"https:\/\/institut-obsolescence.info\/index.php\/wp-json\/wp\/v2\/pages\/7\/revisions\/7154"}],"wp:attachment":[{"href":"https:\/\/institut-obsolescence.info\/index.php\/wp-json\/wp\/v2\/media?parent=7"}],"curies":[{"name":"wp","href":"https:\/\/api.w.org\/{rel}","templated":true}]}}