{"id":8,"date":"2021-10-11T14:36:58","date_gmt":"2021-10-11T12:36:58","guid":{"rendered":"http:\/\/institut-obsolescence.info\/?page_id=8"},"modified":"2026-03-26T13:37:13","modified_gmt":"2026-03-26T12:37:13","slug":"contact","status":"publish","type":"page","link":"https:\/\/institut-obsolescence.info\/index.php\/contact\/","title":{"rendered":"Contact"},"content":{"rendered":"<div data-colibri-id=\"8-c1\" class=\"style-654 style-local-8-c1 position-relative\">\r\n  <!---->\r\n  <div data-colibri-component=\"section\" data-colibri-id=\"8-c2\" id=\"contact\" class=\"h-section h-section-global-spacing d-flex align-items-lg-center align-items-md-center align-items-center style-668 style-local-8-c2 position-relative\">\r\n    <!---->\r\n    <!---->\r\n    <div class=\"h-section-grid-container h-section-fluid-container\">\r\n      <!---->\r\n      <div data-colibri-id=\"8-c3\" class=\"h-row-container gutters-row-lg-2 gutters-row-md-2 gutters-row-0 gutters-row-v-lg-2 gutters-row-v-md-2 gutters-row-v-2 style-677 style-local-8-c3 position-relative\">\r\n        <!---->\r\n        <div class=\"h-row justify-content-lg-center justify-content-md-center justify-content-center align-items-lg-stretch align-items-md-stretch align-items-stretch gutters-col-lg-2 gutters-col-md-2 gutters-col-0 gutters-col-v-lg-2 gutters-col-v-md-2 gutters-col-v-2\">\r\n          <!---->\r\n          <div class=\"h-column h-column-container d-flex h-col-lg-auto h-col-md-auto h-col-auto style-678-outer style-local-8-c4-outer\">\r\n            <div data-colibri-id=\"8-c4\" class=\"d-flex h-flex-basis h-column__inner h-px-lg-2 h-px-md-2 h-px-2 v-inner-lg-2 v-inner-md-2 v-inner-2 style-678 style-local-8-c4 position-relative\">\r\n              <!---->\r\n              <!---->\r\n              <div class=\"w-100 h-y-container h-column__content h-column__v-align flex-basis-100 align-self-lg-start align-self-md-start align-self-start\">\r\n                <!---->\r\n                <div data-colibri-id=\"8-c5\" class=\"style-679 style-local-8-c5 position-relative h-element\">\r\n                  <!---->\r\n                <\/div>\r\n              <\/div>\r\n            <\/div>\r\n          <\/div>\r\n        <\/div>\r\n      <\/div>\r\n    <\/div>\r\n  <\/div>\r\n  <div data-colibri-component=\"section\" data-colibri-id=\"8-c6\" id=\"custom\" class=\"h-section h-section-global-spacing d-flex align-items-lg-center align-items-md-center align-items-center style-680 style-local-8-c6 position-relative\">\r\n    <!---->\r\n    <!---->\r\n    <div class=\"h-section-grid-container h-section-boxed-container\">\r\n      <!---->\r\n      <div data-colibri-id=\"8-c7\" class=\"h-row-container gutters-row-lg-2 gutters-row-md-2 gutters-row-0 gutters-row-v-lg-2 gutters-row-v-md-2 gutters-row-v-2 style-681 style-local-8-c7 position-relative\">\r\n        <!---->\r\n        <div class=\"h-row justify-content-lg-center justify-content-md-center justify-content-center align-items-lg-stretch align-items-md-stretch align-items-stretch gutters-col-lg-2 gutters-col-md-2 gutters-col-0 gutters-col-v-lg-2 gutters-col-v-md-2 gutters-col-v-2\">\r\n          <!---->\r\n          <div class=\"h-column h-column-container d-flex h-col-lg-auto h-col-md-auto h-col-auto style-682-outer style-local-8-c8-outer\">\r\n            <div data-colibri-id=\"8-c8\" class=\"d-flex h-flex-basis h-column__inner h-px-lg-2 h-px-md-2 h-px-2 v-inner-lg-2 v-inner-md-2 v-inner-2 style-682 style-local-8-c8 position-relative\">\r\n              <!---->\r\n              <!---->\r\n              <div class=\"w-100 h-y-container h-column__content h-column__v-align flex-basis-100 align-self-lg-start align-self-md-start align-self-start\">\r\n                <!---->\r\n                <div data-colibri-id=\"8-c9\" class=\"h-global-transition-all h-heading style-672 style-local-8-c9 position-relative h-element\">\r\n                  <!---->\r\n                  <div class=\"h-heading__outer style-672 style-local-8-c9\">\r\n                    <!---->\r\n                    <!---->\r\n                    <h4 class=\"\">Nous contacter<\/h4>\r\n                  <\/div>\r\n                <\/div>\r\n                <div data-colibri-id=\"8-c10\" class=\"d-block style-684 style-local-8-c10 position-relative h-element\">\r\n                  <!---->\r\n                  <div class=\"h-image__frame-container-outer\">\r\n                    <div class=\"h-image__frame-container\">\r\n                      <!---->\r\n                      <!---->\r\n                      <img loading=\"lazy\" decoding=\"async\" width=\"1920\" height=\"1280\" src=\"https:\/\/institut-obsolescence.info\/wp-content\/uploads\/2023\/09\/colibri-image-219.png\" class=\"wp-image-1724 style-684-image style-local-8-c10-image\" alt=\"\" srcset=\"https:\/\/institut-obsolescence.info\/wp-content\/uploads\/2023\/09\/colibri-image-219.png 1920w, https:\/\/institut-obsolescence.info\/wp-content\/uploads\/2023\/09\/colibri-image-219-600x400.png 600w, https:\/\/institut-obsolescence.info\/wp-content\/uploads\/2023\/09\/colibri-image-219-300x200.png 300w, https:\/\/institut-obsolescence.info\/wp-content\/uploads\/2023\/09\/colibri-image-219-1024x683.png 1024w, https:\/\/institut-obsolescence.info\/wp-content\/uploads\/2023\/09\/colibri-image-219-768x512.png 768w, https:\/\/institut-obsolescence.info\/wp-content\/uploads\/2023\/09\/colibri-image-219-1536x1024.png 1536w\" sizes=\"(max-width: 1920px) 100vw, 1920px\" \/>\r\n                      <div class=\"h-image__frame h-hide-lg h-hide-md h-hide-sm style-684-frameImage style-local-8-c10-frameImage\"><\/div>\r\n                    <\/div>\r\n                  <\/div>\r\n                <\/div>\r\n                <div data-colibri-id=\"8-c11\" class=\"h-text h-text-component style-673 style-local-8-c11 position-relative h-element\">\r\n                  <!---->\r\n                  <!---->\r\n                  <div class=\"\">\r\n                    <p>Vous avez une question ? Vous souhaitez en savoir plus sur l&#8217;IFO ? Vous aimeriez prendre contact avec un sp\u00e9cialiste de l&#8217;Obsolescence ? Compl\u00e9tez le formulaire afin d&#8217;entrer en relation avec nous. Merci.<\/p>\r\n                    <p>Pour toute information sur le traitement de vos donn\u00e9es, nous vous invitons \u00e0 consulter notre politique de confidentialit\u00e9.<\/p>\r\n                  <\/div>\r\n                <\/div>\r\n              <\/div>\r\n            <\/div>\r\n          <\/div>\r\n          <div class=\"h-column h-column-container d-flex h-col-lg-auto h-col-md-auto h-col-auto style-683-outer style-local-8-c12-outer\">\r\n            <div data-colibri-id=\"8-c12\" class=\"d-flex h-flex-basis h-column__inner h-px-lg-2 h-px-md-2 h-px-2 v-inner-lg-2 v-inner-md-2 v-inner-2 style-683 style-local-8-c12 position-relative\">\r\n              <!---->\r\n              <!---->\r\n              <div class=\"w-100 h-y-container h-column__content h-column__v-align flex-basis-100 align-self-lg-start align-self-md-start align-self-start\">\r\n                <!---->\r\n                <div data-colibri-id=\"8-c13\" class=\"style-664 style-local-8-c13 position-relative h-element\">\r\n                  <!---->\r\n                  <div class=\"\"><div class=\"wpforms-container wpforms-container-full\" id=\"wpforms-1061\"><form id=\"wpforms-form-1061\" class=\"wpforms-validate wpforms-form wpforms-ajax-form\" data-formid=\"1061\" method=\"post\" enctype=\"multipart\/form-data\" action=\"\/index.php\/wp-json\/wp\/v2\/pages\/8\" data-token=\"5c7c805e7adf67a03c17643c361a7737\" data-token-time=\"1776477597\"><noscript class=\"wpforms-error-noscript\">Veuillez activer JavaScript dans votre navigateur pour remplir ce formulaire.<\/noscript><div class=\"wpforms-field-container\"><div id=\"wpforms-1061-field_1-container\" class=\"wpforms-field wpforms-field-name\" data-field-id=\"1\"><label class=\"wpforms-field-label wpforms-label-hide\" for=\"wpforms-1061-field_1\">Nom <span class=\"wpforms-required-label\">*<\/span><\/label><div class=\"wpforms-field-row wpforms-field-medium\"><div class=\"wpforms-field-row-block wpforms-first wpforms-one-half\"><input type=\"text\" id=\"wpforms-1061-field_1\" class=\"wpforms-field-name-first wpforms-field-required\" name=\"wpforms[fields][1][first]\" required><label for=\"wpforms-1061-field_1\" class=\"wpforms-field-sublabel after\">Pr\u00e9nom<\/label><\/div><div class=\"wpforms-field-row-block wpforms-one-half\"><input type=\"text\" id=\"wpforms-1061-field_1-last\" class=\"wpforms-field-name-last wpforms-field-required\" name=\"wpforms[fields][1][last]\" required><label for=\"wpforms-1061-field_1-last\" class=\"wpforms-field-sublabel after\">Nom<\/label><\/div><\/div><\/div><div id=\"wpforms-1061-field_2-container\" class=\"wpforms-field wpforms-field-email\" data-field-id=\"2\"><div class=\"wpforms-field-row wpforms-field-medium\"><div class=\"wpforms-field-row-block wpforms-one-half wpforms-first\"><input type=\"email\" id=\"wpforms-1061-field_2\" class=\"wpforms-field-required wpforms-field-email-primary\" name=\"wpforms[fields][2][primary]\" spellcheck=\"false\" required><label for=\"wpforms-1061-field_2\" class=\"wpforms-field-sublabel after\">E-mail<\/label><\/div><div class=\"wpforms-field-row-block wpforms-one-half\"><input type=\"email\" id=\"wpforms-1061-field_2-secondary\" class=\"wpforms-field-email-secondary wpforms-field-required\" data-rule-confirm=\"#wpforms-1061-field_2\" name=\"wpforms[fields][2][secondary]\" spellcheck=\"false\" required><label for=\"wpforms-1061-field_2-secondary\" class=\"wpforms-field-sublabel after\">Confirmez l\u2019e-mail<\/label><\/div><\/div><div class=\"wpforms-field-description\">Adresse mail<\/div><\/div><div id=\"wpforms-1061-field_4-container\" class=\"wpforms-field wpforms-field-select wpforms-field-select-style-classic\" data-field-id=\"4\"><select id=\"wpforms-1061-field_4\" class=\"wpforms-field-medium\" name=\"wpforms[fields][4]\"><option value=\"Votre profil...\" >Votre profil...<\/option><option value=\"Acad\u00e9mique\" >Acad\u00e9mique<\/option><option value=\"Entreprise\" >Entreprise<\/option><option value=\"Presse et m\u00e9dias\" >Presse et m\u00e9dias<\/option><\/select><\/div><div id=\"wpforms-1061-field_3-container\" class=\"wpforms-field wpforms-field-textarea\" data-field-id=\"3\"><label class=\"wpforms-field-label\" for=\"wpforms-1061-field_3\">Votre message <span class=\"wpforms-required-label\">*<\/span><\/label><textarea id=\"wpforms-1061-field_3\" class=\"wpforms-field-medium wpforms-field-required\" name=\"wpforms[fields][3]\" required><\/textarea><div class=\"wpforms-field-description\">...<\/div><\/div><\/div><!-- .wpforms-field-container --><div class=\"wpforms-recaptcha-container wpforms-is-recaptcha wpforms-is-recaptcha-type-v3\" ><input type=\"hidden\" name=\"wpforms[recaptcha]\" value=\"\"><\/div><div class=\"wpforms-submit-container\" ><input type=\"hidden\" name=\"wpforms[id]\" value=\"1061\"><input type=\"hidden\" name=\"page_title\" value=\"\"><input type=\"hidden\" name=\"page_url\" value=\"https:\/\/institut-obsolescence.info\/index.php\/wp-json\/wp\/v2\/pages\/8\"><button type=\"submit\" name=\"wpforms[submit]\" id=\"wpforms-submit-1061\" class=\"wpforms-submit\" data-alt-text=\"Envoi...\" data-submit-text=\"Envoyer\" aria-live=\"assertive\" value=\"wpforms-submit\">Envoyer<\/button><img loading=\"lazy\" decoding=\"async\" src=\"https:\/\/institut-obsolescence.info\/wp-content\/plugins\/wpforms-lite\/assets\/images\/submit-spin.svg\" class=\"wpforms-submit-spinner\" style=\"display: none;\" width=\"26\" height=\"26\" alt=\"Chargement en cours\"><\/div><\/form><\/div>  <!-- .wpforms-container --> <\/div>\r\n                <\/div>\r\n              <\/div>\r\n            <\/div>\r\n          <\/div>\r\n        <\/div>\r\n      <\/div>\r\n    <\/div>\r\n  <\/div>\r\n  <div data-colibri-component=\"section\" data-colibri-id=\"8-c14\" id=\"reusable-sections\" class=\"h-section h-section-global-spacing d-flex align-items-lg-center align-items-md-center align-items-center style-1529 style-local-8-c14 position-relative\">\r\n    <!---->\r\n    <!---->\r\n    <div class=\"h-section-grid-container h-section-boxed-container\">\r\n      <!---->\r\n      <div data-colibri-id=\"8-c15\" class=\"h-row-container gutters-row-lg-2 gutters-row-md-2 gutters-row-0 gutters-row-v-lg-2 gutters-row-v-md-2 gutters-row-v-2 style-1530 style-local-8-c15 position-relative\">\r\n        <!---->\r\n        <div class=\"h-row justify-content-lg-center justify-content-md-center justify-content-center align-items-lg-stretch align-items-md-stretch align-items-stretch gutters-col-lg-2 gutters-col-md-2 gutters-col-0 gutters-col-v-lg-2 gutters-col-v-md-2 gutters-col-v-2\">\r\n          <!---->\r\n          <div class=\"h-column h-column-container d-flex h-col-lg-auto h-col-md-auto h-col-auto style-1531-outer style-local-8-c16-outer\">\r\n            <div data-colibri-id=\"8-c16\" class=\"d-flex h-flex-basis h-column__inner h-ui-empty-state-container h-px-lg-2 h-px-md-2 h-px-2 v-inner-lg-2 v-inner-md-2 v-inner-2 style-1531 style-local-8-c16 position-relative\">\r\n              <!---->\r\n              <!---->\r\n              <div class=\"w-100 h-y-container h-column__content h-column__v-align flex-basis-100\">\r\n                <!---->\r\n              <\/div>\r\n            <\/div>\r\n          <\/div>\r\n          <div class=\"h-column h-column-container d-flex h-col-lg-auto h-col-md-auto h-col-auto style-1532-outer style-local-8-c17-outer\">\r\n            <div data-colibri-id=\"8-c17\" class=\"d-flex h-flex-basis h-column__inner h-ui-empty-state-container h-px-lg-2 h-px-md-2 h-px-2 v-inner-lg-2 v-inner-md-2 v-inner-2 style-1532 style-local-8-c17 position-relative\">\r\n              <!---->\r\n              <!---->\r\n              <div class=\"w-100 h-y-container h-column__content h-column__v-align flex-basis-100\">\r\n                <!---->\r\n              <\/div>\r\n            <\/div>\r\n          <\/div>\r\n          <div class=\"h-column h-column-container d-flex h-col-lg-auto h-col-md-auto h-col-auto style-1533-outer style-local-8-c18-outer\">\r\n            <div data-colibri-id=\"8-c18\" class=\"d-flex h-flex-basis h-column__inner h-px-lg-2 h-px-md-2 h-px-2 v-inner-lg-2 v-inner-md-2 v-inner-2 style-1533 style-local-8-c18 position-relative\">\r\n              <!---->\r\n              <!---->\r\n              <div class=\"w-100 h-y-container h-column__content h-column__v-align flex-basis-100 align-self-lg-start align-self-md-start align-self-start\">\r\n                <!---->\r\n                <div data-colibri-id=\"8-c19\" class=\"h-text h-text-component style-1534 style-local-8-c19 position-relative h-element\">\r\n                  <!---->\r\n                  <!---->\r\n                  <div class=\"\">\r\n                    <p><span style=\"color: rgb(26, 63, 152);\">Suivez l&#8217;IFO<\/span><\/p>\r\n                  <\/div>\r\n                <\/div>\r\n                <div data-colibri-id=\"8-c20\" class=\"d-block style-1535 style-local-8-c20 position-relative h-element\">\r\n                  <!---->\r\n                  <div class=\"h-image__frame-container-outer\">\r\n                    <a href=\"\/\/www.linkedin.com\/company\/institut-francais-de-l-obsolescence\/\" target=\"_blank\" h-use-smooth-scroll=\"true\" class=\"image-link\" rel=\"noopener\">\r\n                      <div class=\"h-image__frame-container\">\r\n                        <!---->\r\n                        <!---->\r\n                        <img loading=\"lazy\" decoding=\"async\" width=\"144\" height=\"34\" src=\"https:\/\/institut-obsolescence.info\/wp-content\/uploads\/2024\/02\/LinkedIn-Logo-2C-34px-R.png\" class=\"wp-image-4551 style-1535-image style-local-8-c20-image\" alt=\"\" \/>\r\n                        <div class=\"h-image__frame h-hide-lg h-hide-md h-hide-sm style-1535-frameImage style-local-8-c20-frameImage\"><\/div>\r\n                      <\/div>\r\n                    <\/a>\r\n                  <\/div>\r\n                <\/div>\r\n              <\/div>\r\n            <\/div>\r\n          <\/div>\r\n          <div class=\"h-column h-column-container d-flex h-col-lg-auto h-col-md-auto h-col-auto style-1536-outer style-local-8-c21-outer\">\r\n            <div data-colibri-id=\"8-c21\" class=\"d-flex h-flex-basis h-column__inner h-ui-empty-state-container h-px-lg-2 h-px-md-2 h-px-2 v-inner-lg-2 v-inner-md-2 v-inner-2 style-1536 style-local-8-c21 position-relative\">\r\n              <!---->\r\n              <!---->\r\n              <div class=\"w-100 h-y-container h-column__content h-column__v-align flex-basis-100\">\r\n                <!---->\r\n              <\/div>\r\n            <\/div>\r\n          <\/div>\r\n          <div class=\"h-column h-column-container d-flex h-col-lg-auto h-col-md-auto h-col-auto style-1537-outer style-local-8-c22-outer\">\r\n            <div data-colibri-id=\"8-c22\" class=\"d-flex h-flex-basis h-column__inner h-ui-empty-state-container h-px-lg-2 h-px-md-2 h-px-2 v-inner-lg-2 v-inner-md-2 v-inner-2 style-1537 style-local-8-c22 position-relative\">\r\n              <!---->\r\n              <!---->\r\n              <div class=\"w-100 h-y-container h-column__content h-column__v-align flex-basis-100\">\r\n                <!---->\r\n              <\/div>\r\n            <\/div>\r\n          <\/div>\r\n        <\/div>\r\n      <\/div>\r\n      <div data-colibri-id=\"8-c23\" class=\"h-row-container gutters-row-lg-2 gutters-row-md-2 gutters-row-0 gutters-row-v-lg-2 gutters-row-v-md-2 gutters-row-v-2 style-1538 style-local-8-c23 position-relative\">\r\n        <!---->\r\n        <div class=\"h-row justify-content-lg-center justify-content-md-center justify-content-center align-items-lg-stretch align-items-md-stretch align-items-stretch gutters-col-lg-2 gutters-col-md-2 gutters-col-0 gutters-col-v-lg-2 gutters-col-v-md-2 gutters-col-v-2\">\r\n          <!---->\r\n          <div class=\"h-column h-column-container d-flex h-col-lg-auto h-col-md-auto h-col-auto style-1539-outer style-local-8-c24-outer\">\r\n            <div data-colibri-id=\"8-c24\" class=\"d-flex h-flex-basis h-column__inner h-px-lg-2 h-px-md-2 h-px-2 v-inner-lg-2 v-inner-md-2 v-inner-2 style-1539 style-local-8-c24 position-relative\">\r\n              <!---->\r\n              <!---->\r\n              <div class=\"w-100 h-y-container h-column__content h-column__v-align flex-basis-100 align-self-lg-start align-self-md-start align-self-start\">\r\n                <!---->\r\n                <div data-colibri-id=\"8-c25\" class=\"h-text h-text-component style-1540 style-local-8-c25 position-relative h-element\">\r\n                  <!---->\r\n                  <!---->\r\n                  <div class=\"\">\r\n                    <p>\r\n                      <a href=\"https:\/\/institut-obsolescence.info\/index.php\/politique-de-confidentialite\" target=\"_blank\" rel=\"noopener\">Politique de confidentialit\u00e9<\/a>\r\n                    <\/p>\r\n                  <\/div>\r\n                <\/div>\r\n                <div data-colibri-id=\"8-c26\" class=\"h-text h-text-component style-1540 style-local-8-c26 position-relative h-element\">\r\n                  <!---->\r\n                  <!---->\r\n                  <div class=\"\">\r\n                    <p>\u00a9Institut Fran\u00e7ais de l&#8217;Obsolescence &#8211; 2024<\/p>\r\n                  <\/div>\r\n                <\/div>\r\n              <\/div>\r\n            <\/div>\r\n          <\/div>\r\n        <\/div>\r\n      <\/div>\r\n    <\/div>\r\n  <\/div>\r\n<\/div>","protected":false},"excerpt":{"rendered":"<p>Nous contacter Vous avez une question ? Vous souhaitez en savoir plus sur l&#8217;IFO ? Vous aimeriez prendre contact avec un sp\u00e9cialiste de l&#8217;Obsolescence ? Compl\u00e9tez le formulaire afin d&#8217;entrer en relation avec nous. Merci. Pour toute information sur le traitement de vos donn\u00e9es, nous vous invitons \u00e0 consulter notre politique de confidentialit\u00e9. Suivez l&#8217;IFO [&hellip;]<\/p>\n","protected":false},"author":1,"featured_media":0,"parent":0,"menu_order":0,"comment_status":"closed","ping_status":"closed","template":"page-templates\/full-width-page.php","meta":{"footnotes":""},"_links":{"self":[{"href":"https:\/\/institut-obsolescence.info\/index.php\/wp-json\/wp\/v2\/pages\/8"}],"collection":[{"href":"https:\/\/institut-obsolescence.info\/index.php\/wp-json\/wp\/v2\/pages"}],"about":[{"href":"https:\/\/institut-obsolescence.info\/index.php\/wp-json\/wp\/v2\/types\/page"}],"author":[{"embeddable":true,"href":"https:\/\/institut-obsolescence.info\/index.php\/wp-json\/wp\/v2\/users\/1"}],"replies":[{"embeddable":true,"href":"https:\/\/institut-obsolescence.info\/index.php\/wp-json\/wp\/v2\/comments?post=8"}],"version-history":[{"count":21,"href":"https:\/\/institut-obsolescence.info\/index.php\/wp-json\/wp\/v2\/pages\/8\/revisions"}],"predecessor-version":[{"id":4726,"href":"https:\/\/institut-obsolescence.info\/index.php\/wp-json\/wp\/v2\/pages\/8\/revisions\/4726"}],"wp:attachment":[{"href":"https:\/\/institut-obsolescence.info\/index.php\/wp-json\/wp\/v2\/media?parent=8"}],"curies":[{"name":"wp","href":"https:\/\/api.w.org\/{rel}","templated":true}]}}